{"id":2922,"date":"2020-09-21T18:05:11","date_gmt":"2020-09-21T16:05:11","guid":{"rendered":"https:\/\/zeuseco.com\/?post_type=product&#038;p=2922"},"modified":"2021-05-20T11:16:25","modified_gmt":"2021-05-20T09:16:25","slug":"podpalovac-zeuseco-400g","status":"publish","type":"product","link":"https:\/\/zeuseco.com\/sk\/eshop\/podpalovac-zeuseco-400g\/","title":{"rendered":"Podpa\u013eova\u010d ZeusEco 32ks"},"content":{"rendered":"<p><strong>Pou\u017eitie<\/strong>: umiestnite jeden alebo viac rozpa\u013eova\u010dov medzi mal\u00fa vrstvu paliva (drevo, dreven\u00e9 uhlie, uhlie) a podp\u00e1\u013ete pomocou z\u00e1palky alebo zapa\u013eova\u010da.<\/p>\n<p>&nbsp;<\/p>\n<p><strong>Zlo\u017eenie<\/strong>: vl\u00e1kna z dreva, \u010disten\u00fd vosk.<\/p>\n<p>&nbsp;<\/p>\n<p><strong>Podmienky skladovania<\/strong>: neskladujte v tesnej bl\u00edzkosti zdrojov oh\u0148a. Skladujte na suchom mieste pri teplote do 45\u00b0. Chr\u00e1\u0148te pred priamym slne\u010dn\u00fdm \u017eiaren\u00edm. Uschovajte mimo dosahu det\u00ed.<\/p>\n<p>&nbsp;<\/p>\n<p><strong>Neobmedzen\u00e1 trvanlivos\u0165<\/strong>.<\/p>\n","protected":false},"excerpt":{"rendered":"<p>Podpa\u013eova\u010d oh\u0148a z drevenej vlny pre krby, pece, grily a ohnisk\u00e1.<\/p>\n<ul>\n<li>jednoduch\u00e9 zapa\u013eovanie, stabiln\u00e9 a akt\u00edvne horenie v trvan\u00ed a\u017e 10 min\u00fat<\/li>\n<li>bez vzplanutia, bez z\u00e1pachu<\/li>\n<li>ekologicky \u010dist\u00fd, nezanech\u00e1va \u0161kodliv\u00e9 zvy\u0161ky<\/li>\n<li>hor\u00ed v ak\u00fdchko\u013evek podmienkach: v snehu, da\u017edi, vetre at\u010f.<\/li>\n<li>100% nahrad\u00ed tekut\u00fd rozpa\u013eova\u010d<\/li>\n<li>bezpe\u010dn\u00fd pre potravin\u00e1rske v\u00fdrobky<\/li>\n<\/ul>\n<p>Rozmery krabice: 146mm &#8211; 96mm &#8211; 124mm<\/p>\n<p>V balen\u00ed 32 kusy<\/p>\n","protected":false},"featured_media":3807,"template":"","meta":{"_mi_skip_tracking":false,"site-sidebar-layout":"default","site-content-layout":"default","ast-global-header-display":"","ast-main-header-display":"","ast-hfb-above-header-display":"","ast-hfb-below-header-display":"","ast-hfb-mobile-header-display":"","site-post-title":"","ast-breadcrumbs-content":"","ast-featured-img":"","footer-sml-layout":"","theme-transparent-header-meta":"default","adv-header-id-meta":"","stick-header-meta":"","header-above-stick-meta":"","header-main-stick-meta":"","header-below-stick-meta":""},"product_cat":[57],"product_tag":[],"_links":{"self":[{"href":"https:\/\/zeuseco.com\/sk\/wp-json\/wp\/v2\/product\/2922"}],"collection":[{"href":"https:\/\/zeuseco.com\/sk\/wp-json\/wp\/v2\/product"}],"about":[{"href":"https:\/\/zeuseco.com\/sk\/wp-json\/wp\/v2\/types\/product"}],"version-history":[{"count":5,"href":"https:\/\/zeuseco.com\/sk\/wp-json\/wp\/v2\/product\/2922\/revisions"}],"predecessor-version":[{"id":4676,"href":"https:\/\/zeuseco.com\/sk\/wp-json\/wp\/v2\/product\/2922\/revisions\/4676"}],"wp:featuredmedia":[{"embeddable":true,"href":"https:\/\/zeuseco.com\/sk\/wp-json\/wp\/v2\/media\/3807"}],"wp:attachment":[{"href":"https:\/\/zeuseco.com\/sk\/wp-json\/wp\/v2\/media?parent=2922"}],"wp:term":[{"taxonomy":"product_cat","embeddable":true,"href":"https:\/\/zeuseco.com\/sk\/wp-json\/wp\/v2\/product_cat?post=2922"},{"taxonomy":"product_tag","embeddable":true,"href":"https:\/\/zeuseco.com\/sk\/wp-json\/wp\/v2\/product_tag?post=2922"}],"curies":[{"name":"wp","href":"https:\/\/api.w.org\/{rel}","templated":true}]}}