{"id":4072,"date":"2020-11-18T14:05:47","date_gmt":"2020-11-18T13:05:47","guid":{"rendered":"https:\/\/zeuseco.com\/?page_id=4072"},"modified":"2021-04-16T12:36:09","modified_gmt":"2021-04-16T10:36:09","slug":"doprava-a-platba","status":"publish","type":"page","link":"https:\/\/zeuseco.com\/sk\/doprava-a-platba\/","title":{"rendered":"Doprava a platba"},"content":{"rendered":"\t\t<div data-elementor-type=\"wp-page\" data-elementor-id=\"4072\" class=\"elementor elementor-4072\">\n\t\t\t\t\t\t<div class=\"elementor-inner\">\n\t\t\t\t<div class=\"elementor-section-wrap\">\n\t\t\t\t\t\t\t\t\t<section class=\"elementor-section elementor-top-section elementor-element elementor-element-2848383 elementor-section-boxed elementor-section-height-default elementor-section-height-default\" data-id=\"2848383\" data-element_type=\"section\">\n\t\t\t\t\t\t<div class=\"elementor-container elementor-column-gap-default\">\n\t\t\t\t\t\t\t<div class=\"elementor-row\">\n\t\t\t\t\t<div class=\"elementor-column elementor-col-100 elementor-top-column elementor-element elementor-element-ab7e7e2\" data-id=\"ab7e7e2\" data-element_type=\"column\">\n\t\t\t<div class=\"elementor-column-wrap elementor-element-populated\">\n\t\t\t\t\t\t\t<div class=\"elementor-widget-wrap\">\n\t\t\t\t\t\t<div class=\"elementor-element elementor-element-0bd9c11 elementor-widget elementor-widget-heading\" data-id=\"0bd9c11\" data-element_type=\"widget\" data-widget_type=\"heading.default\">\n\t\t\t\t<div class=\"elementor-widget-container\">\n\t\t\t<h2 class=\"elementor-heading-title elementor-size-default\">Doprava a platba<\/h2>\t\t<\/div>\n\t\t\t\t<\/div>\n\t\t\t\t\t\t<\/div>\n\t\t\t\t\t<\/div>\n\t\t<\/div>\n\t\t\t\t\t\t\t\t<\/div>\n\t\t\t\t\t<\/div>\n\t\t<\/section>\n\t\t\t\t<section class=\"elementor-section elementor-top-section elementor-element elementor-element-45c04a2 elementor-section-boxed elementor-section-height-default elementor-section-height-default\" data-id=\"45c04a2\" data-element_type=\"section\">\n\t\t\t\t\t\t<div class=\"elementor-container elementor-column-gap-default\">\n\t\t\t\t\t\t\t<div class=\"elementor-row\">\n\t\t\t\t\t<div class=\"elementor-column elementor-col-100 elementor-top-column elementor-element elementor-element-de0b91b\" data-id=\"de0b91b\" data-element_type=\"column\">\n\t\t\t<div class=\"elementor-column-wrap elementor-element-populated\">\n\t\t\t\t\t\t\t<div class=\"elementor-widget-wrap\">\n\t\t\t\t\t\t<div class=\"elementor-element elementor-element-ff53c8c elementor-widget elementor-widget-heading\" data-id=\"ff53c8c\" data-element_type=\"widget\" data-widget_type=\"heading.default\">\n\t\t\t\t<div class=\"elementor-widget-container\">\n\t\t\t<h2 class=\"elementor-heading-title elementor-size-default\">Doprava<\/h2>\t\t<\/div>\n\t\t\t\t<\/div>\n\t\t\t\t\t\t<\/div>\n\t\t\t\t\t<\/div>\n\t\t<\/div>\n\t\t\t\t\t\t\t\t<\/div>\n\t\t\t\t\t<\/div>\n\t\t<\/section>\n\t\t\t\t<section class=\"elementor-section elementor-top-section elementor-element elementor-element-4ca5efd elementor-section-full_width elementor-section-content-middle elementor-section-height-default elementor-section-height-default\" data-id=\"4ca5efd\" data-element_type=\"section\">\n\t\t\t\t\t\t<div class=\"elementor-container elementor-column-gap-no\">\n\t\t\t\t\t\t\t<div class=\"elementor-row\">\n\t\t\t\t\t<div class=\"elementor-column elementor-col-100 elementor-top-column elementor-element elementor-element-914eafa\" data-id=\"914eafa\" data-element_type=\"column\">\n\t\t\t<div class=\"elementor-column-wrap elementor-element-populated\">\n\t\t\t\t\t\t\t<div class=\"elementor-widget-wrap\">\n\t\t\t\t\t\t<div class=\"elementor-element elementor-element-fb10704 elementor-widget elementor-widget-text-editor\" data-id=\"fb10704\" data-element_type=\"widget\" data-widget_type=\"text-editor.default\">\n\t\t\t\t<div class=\"elementor-widget-container\">\n\t\t\t\t\t\t\t\t<div class=\"elementor-text-editor elementor-clearfix\">\n\t\t\t\t<p><strong>Doru\u010denie tovaru kuri\u00e9rom\/prepravnou spolo\u010dnos\u0165ou<\/strong><\/p><p>\u00a0<\/p><p>Objednan\u00fd tovar zasielame prepravnou spolo\u010dnos\u0165ou. Doba doru\u010denia sa pohybuje od 2 do 5 dn\u00ed v z\u00e1vislosti od dostupnosti tovaru. V de\u0148 doru\u010denia budete kontaktovan\u00fd kuri\u00e9rom formou SMS.<\/p><p>\u00a0<\/p><p>V\u00fd\u0161ka po\u0161tovn\u00e9ho z\u00e1vis\u00ed od krajiny dodania:<\/p><p>\u00a0<\/p><ul><li>Slovensk\u00e1 republika &#8211; ZADARMO<\/li><li>\u010cesk\u00e1 republika &#8211; ZADARMO<\/li><li>Ostatn\u00e9 krajiny EU &#8211; Z\u00e1vis\u00ed od krajiny<\/li><\/ul><p>\u00a0<\/p><p><strong>Osobn\u00fd odber<\/strong><\/p><p>\u00a0<\/p><p>\u010eal\u0161ou mo\u017enos\u0165ou, ktor\u00fa na\u0161im z\u00e1kazn\u00edkom umo\u017e\u0148ujeme, je prevzia\u0165 si objedn\u00e1vku v\u00a0na\u0161om sklade na adrese:<\/p><p>\u00a0<\/p><p>isklad<br \/>Dialni\u010dn\u00e1 cesta 5<br \/>903 01 <br \/>Senec<br \/>Slovakia<\/p><p>\u00a0<\/p><p>Prev\u00e1dzkov\u00e9 hodiny:<\/p><p>Pracovn\u00e9 dni 08:00 &#8211; 18:00.<\/p><p>\u00a0<\/p><p>O tom, \u017ee V\u00e1\u0161 tovar je dostupn\u00fd a pripraven\u00fd k odberu V\u00e1s budeme informova\u0165 \u00a0SMS. Z\u00e1rove\u0148 V\u00e1s pros\u00edme, aby ste po\u010dkali na potvrdenie dodania V\u00e1\u0161ho tovaru, pred\u00eddeme t\u00fdm nedorozumeniu a V\u00e1\u0161 n\u00e1kup bude plynulej\u0161\u00ed a pohodlnej\u0161\u00ed.<\/p><p>\u00a0<\/p><p>Tovar bude pre V\u00e1s rezervovan\u00fd nasleduj\u00facich 10 pracovn\u00fdch dn\u00ed, potom bude objedn\u00e1vka stornovan\u00e1. Pokia\u013e si budete \u017eela\u0165 pred\u013a\u017ei\u0165 Va\u0161u rezerv\u00e1ciu, pros\u00edm kontaktujte n\u00e1\u0161 sklad s Va\u0161ou \u017eiados\u0165ou.<\/p><p>\u00a0<\/p><p>Pri preberan\u00ed tovaru si tovar skontrolujte, preto\u017ee pri osobnom odbere nie je n\u00e1sledn\u00e1 mo\u017enos\u0165 odst\u00fapenia od zmluvy.<\/p><p>\u00a0<\/p><p>Odovzdanie objedn\u00e1vky len na z\u00e1klade k\u00f3du vyzdvihnutia, doru\u010den\u00e9ho v SMS spr\u00e1ve objedn\u00e1vate\u013ea.<\/p>\t\t\t\t\t<\/div>\n\t\t\t\t\t\t<\/div>\n\t\t\t\t<\/div>\n\t\t\t\t\t\t<\/div>\n\t\t\t\t\t<\/div>\n\t\t<\/div>\n\t\t\t\t\t\t\t\t<\/div>\n\t\t\t\t\t<\/div>\n\t\t<\/section>\n\t\t\t\t<section class=\"elementor-section elementor-top-section elementor-element elementor-element-6f0ebbb elementor-section-boxed elementor-section-height-default elementor-section-height-default\" data-id=\"6f0ebbb\" data-element_type=\"section\">\n\t\t\t\t\t\t<div class=\"elementor-container elementor-column-gap-default\">\n\t\t\t\t\t\t\t<div class=\"elementor-row\">\n\t\t\t\t\t<div class=\"elementor-column elementor-col-100 elementor-top-column elementor-element elementor-element-692d989\" data-id=\"692d989\" data-element_type=\"column\">\n\t\t\t<div class=\"elementor-column-wrap elementor-element-populated\">\n\t\t\t\t\t\t\t<div class=\"elementor-widget-wrap\">\n\t\t\t\t\t\t<div class=\"elementor-element elementor-element-e24bf7c elementor-widget elementor-widget-heading\" data-id=\"e24bf7c\" data-element_type=\"widget\" data-widget_type=\"heading.default\">\n\t\t\t\t<div class=\"elementor-widget-container\">\n\t\t\t<h2 class=\"elementor-heading-title elementor-size-default\">Platba<\/h2>\t\t<\/div>\n\t\t\t\t<\/div>\n\t\t\t\t\t\t<\/div>\n\t\t\t\t\t<\/div>\n\t\t<\/div>\n\t\t\t\t\t\t\t\t<\/div>\n\t\t\t\t\t<\/div>\n\t\t<\/section>\n\t\t\t\t<section class=\"elementor-section elementor-top-section elementor-element elementor-element-a36ce6e elementor-section-full_width elementor-section-content-middle elementor-section-height-default elementor-section-height-default\" data-id=\"a36ce6e\" data-element_type=\"section\">\n\t\t\t\t\t\t<div class=\"elementor-container elementor-column-gap-no\">\n\t\t\t\t\t\t\t<div class=\"elementor-row\">\n\t\t\t\t\t<div class=\"elementor-column elementor-col-100 elementor-top-column elementor-element elementor-element-fa1462d\" data-id=\"fa1462d\" data-element_type=\"column\">\n\t\t\t<div class=\"elementor-column-wrap elementor-element-populated\">\n\t\t\t\t\t\t\t<div class=\"elementor-widget-wrap\">\n\t\t\t\t\t\t<div class=\"elementor-element elementor-element-b1a6bdd elementor-widget elementor-widget-text-editor\" data-id=\"b1a6bdd\" data-element_type=\"widget\" data-widget_type=\"text-editor.default\">\n\t\t\t\t<div class=\"elementor-widget-container\">\n\t\t\t\t\t\t\t\t<div class=\"elementor-text-editor elementor-clearfix\">\n\t\t\t\t<p>Nakupovanie v na\u0161om E-shope je ve\u013emi pohodln\u00e9. Na\u0161im z\u00e1kazn\u00edkom pon\u00fakame viacero sp\u00f4sobov bezpe\u010dnej platby:<\/p><p>\u00a0<\/p><p><strong>Online platba kartou<\/strong><\/p><p>\u00a0<\/p><p>Platobn\u00e1 br\u00e1na STRIPE predstavuje jednoduch\u00fd a bezpe\u010dn\u00fd sp\u00f4sob platby online. Pri platbe kartou je potrebn\u00e9 zada\u0165 \u00fadaje z platobnej karty. Va\u0161a platba bude prip\u00edsan\u00e1 behom p\u00e1r min\u00fat.\u00a0<\/p><p>\u00a0<\/p><p><strong>PayPal<\/strong><\/p><p>\u00a0<\/p><p>PayPal je internetov\u00fd platobn\u00fd syst\u00e9m, ktor\u00fd umo\u017e\u0148uje bezpe\u010dne, pohodlne a\u00a0cenovo v\u00fdhodne posiela\u0165 a\u00a0prij\u00edma\u0165 platby online.<\/p><p>\u00a0<\/p><p><strong>Dobierka<\/strong><\/p><p>\u00a0<\/p><p>Va\u0161a objedn\u00e1vka je zaslan\u00e1 na Vami zadan\u00fa adresu a plat\u00edte a\u017e pri jej prevzat\u00ed.\u00a0<\/p>\t\t\t\t\t<\/div>\n\t\t\t\t\t\t<\/div>\n\t\t\t\t<\/div>\n\t\t\t\t\t\t<\/div>\n\t\t\t\t\t<\/div>\n\t\t<\/div>\n\t\t\t\t\t\t\t\t<\/div>\n\t\t\t\t\t<\/div>\n\t\t<\/section>\n\t\t\t\t\t\t\t\t\t<\/div>\n\t\t\t<\/div>\n\t\t\t\t\t<\/div>\n\t\t","protected":false},"excerpt":{"rendered":"<p>Doprava a platba Doprava Doru\u010denie tovaru kuri\u00e9rom\/prepravnou spolo\u010dnos\u0165ou \u00a0 Objednan\u00fd tovar zasielame prepravnou spolo\u010dnos\u0165ou. Doba doru\u010denia sa pohybuje od 2 do 5 dn\u00ed v z\u00e1vislosti od dostupnosti tovaru. V de\u0148 doru\u010denia budete kontaktovan\u00fd kuri\u00e9rom formou SMS. \u00a0 V\u00fd\u0161ka po\u0161tovn\u00e9ho z\u00e1vis\u00ed od krajiny dodania: \u00a0 Slovensk\u00e1 republika &#8211; ZADARMO \u010cesk\u00e1 republika &#8211; ZADARMO Ostatn\u00e9 krajiny EU &hellip;<\/p>\n<p class=\"read-more\"> <a class=\"\" href=\"https:\/\/zeuseco.com\/sk\/doprava-a-platba\/\"> <span class=\"screen-reader-text\">Doprava a platba<\/span> \u010c\u00edtajte viac &raquo;<\/a><\/p>\n","protected":false},"author":1,"featured_media":0,"parent":0,"menu_order":0,"comment_status":"closed","ping_status":"closed","template":"elementor_header_footer","meta":{"_mi_skip_tracking":false,"site-sidebar-layout":"no-sidebar","site-content-layout":"page-builder","ast-global-header-display":"","ast-main-header-display":"","ast-hfb-above-header-display":"","ast-hfb-below-header-display":"","ast-hfb-mobile-header-display":"","site-post-title":"disabled","ast-breadcrumbs-content":"","ast-featured-img":"disabled","footer-sml-layout":"","theme-transparent-header-meta":"default","adv-header-id-meta":"","stick-header-meta":"","header-above-stick-meta":"","header-main-stick-meta":"","header-below-stick-meta":""},"_links":{"self":[{"href":"https:\/\/zeuseco.com\/sk\/wp-json\/wp\/v2\/pages\/4072"}],"collection":[{"href":"https:\/\/zeuseco.com\/sk\/wp-json\/wp\/v2\/pages"}],"about":[{"href":"https:\/\/zeuseco.com\/sk\/wp-json\/wp\/v2\/types\/page"}],"author":[{"embeddable":true,"href":"https:\/\/zeuseco.com\/sk\/wp-json\/wp\/v2\/users\/1"}],"replies":[{"embeddable":true,"href":"https:\/\/zeuseco.com\/sk\/wp-json\/wp\/v2\/comments?post=4072"}],"version-history":[{"count":6,"href":"https:\/\/zeuseco.com\/sk\/wp-json\/wp\/v2\/pages\/4072\/revisions"}],"predecessor-version":[{"id":4711,"href":"https:\/\/zeuseco.com\/sk\/wp-json\/wp\/v2\/pages\/4072\/revisions\/4711"}],"wp:attachment":[{"href":"https:\/\/zeuseco.com\/sk\/wp-json\/wp\/v2\/media?parent=4072"}],"curies":[{"name":"wp","href":"https:\/\/api.w.org\/{rel}","templated":true}]}}