{"id":3,"date":"2020-06-16T17:36:08","date_gmt":"2020-06-16T15:36:08","guid":{"rendered":"http:\/\/zeuseco.com\/?page_id=3"},"modified":"2021-12-11T12:27:05","modified_gmt":"2021-12-11T11:27:05","slug":"ochrana-sukromia","status":"publish","type":"page","link":"https:\/\/zeuseco.com\/sk\/ochrana-sukromia\/","title":{"rendered":"Ochrana osobn\u00fdch \u00fadajov"},"content":{"rendered":"\t\t<div data-elementor-type=\"wp-page\" data-elementor-id=\"3\" class=\"elementor elementor-3\">\n\t\t\t\t\t\t<div class=\"elementor-inner\">\n\t\t\t\t<div class=\"elementor-section-wrap\">\n\t\t\t\t\t\t\t\t\t<section class=\"elementor-section elementor-top-section elementor-element elementor-element-d684daf elementor-section-boxed elementor-section-height-default elementor-section-height-default\" data-id=\"d684daf\" data-element_type=\"section\">\n\t\t\t\t\t\t<div class=\"elementor-container elementor-column-gap-default\">\n\t\t\t\t\t\t\t<div class=\"elementor-row\">\n\t\t\t\t\t<div class=\"elementor-column elementor-col-100 elementor-top-column elementor-element elementor-element-704c6a2\" data-id=\"704c6a2\" data-element_type=\"column\">\n\t\t\t<div class=\"elementor-column-wrap elementor-element-populated\">\n\t\t\t\t\t\t\t<div class=\"elementor-widget-wrap\">\n\t\t\t\t\t\t<div class=\"elementor-element elementor-element-3ab30d3 elementor-widget elementor-widget-heading\" data-id=\"3ab30d3\" data-element_type=\"widget\" data-widget_type=\"heading.default\">\n\t\t\t\t<div class=\"elementor-widget-container\">\n\t\t\t<h2 class=\"elementor-heading-title elementor-size-default\">Ochrana osobn\u00fdch \u00fadajov<\/h2>\t\t<\/div>\n\t\t\t\t<\/div>\n\t\t\t\t\t\t<\/div>\n\t\t\t\t\t<\/div>\n\t\t<\/div>\n\t\t\t\t\t\t\t\t<\/div>\n\t\t\t\t\t<\/div>\n\t\t<\/section>\n\t\t\t\t<section class=\"elementor-section elementor-top-section elementor-element elementor-element-6598585 elementor-section-full_width elementor-section-content-middle elementor-section-height-default elementor-section-height-default\" data-id=\"6598585\" data-element_type=\"section\">\n\t\t\t\t\t\t<div class=\"elementor-container elementor-column-gap-no\">\n\t\t\t\t\t\t\t<div class=\"elementor-row\">\n\t\t\t\t\t<div class=\"elementor-column elementor-col-100 elementor-top-column elementor-element elementor-element-a197fff\" data-id=\"a197fff\" data-element_type=\"column\">\n\t\t\t<div class=\"elementor-column-wrap elementor-element-populated\">\n\t\t\t\t\t\t\t<div class=\"elementor-widget-wrap\">\n\t\t\t\t\t\t<div class=\"elementor-element elementor-element-e969065 elementor-widget elementor-widget-text-editor\" data-id=\"e969065\" data-element_type=\"widget\" data-widget_type=\"text-editor.default\">\n\t\t\t\t<div class=\"elementor-widget-container\">\n\t\t\t\t\t\t\t\t<div class=\"elementor-text-editor elementor-clearfix\">\n\t\t\t\t<p>Dovo\u013eujeme si v\u00e1s stru\u010dne informova\u0165 o spracovan\u00ed va\u0161ich osobn\u00fdch \u00fadajov. T\u00e1to inform\u00e1cia sa net\u00fdka osobn\u00fdch \u00fadajov pr\u00e1vnick\u00fdch os\u00f4b, vr\u00e1tane n\u00e1zvu, pr\u00e1vnej formy a kontaktn\u00fdch \u00fadajov pr\u00e1vnickej osoby.<\/p><p>\u00a0<\/p><ol><li><strong>Kto je prev\u00e1dzkovate\u013eom va\u0161ich osobn\u00fdch \u00fadajov?<\/strong><\/li><\/ol><p>Prev\u00e1dzkovate\u013eom va\u0161ich osobn\u00fdch \u00fadajov je GREEN FOX s.r.o., J\u00e9g\u00e9ho 10, 821 08 Bratislava, Slovensko, I\u010cO: 54 046 351, e-mail: info@zeuseco.com, (\u010falej len \u201ePrev\u00e1dzkovate\u013e\u201c).<\/p><p>\u00a0<\/p><ol start=\"2\"><li><strong>V ak\u00fdch situ\u00e1ci\u00e1ch budeme va\u0161e \u00fadaje spracov\u00e1va\u0165?<br \/><\/strong><strong style=\"font-size: 16px;\"><br \/>A. Spracov\u00e1vanie \u00fadajov s va\u0161im s\u00fahlasom.<\/strong><\/li><\/ol><p>O udelenie s\u00fahlasu v\u00e1s po\u017eiadame, ak e\u0161te nie si na\u0161\u00edm registrovan\u00fdm z\u00e1kazn\u00edkom ani s vami nem\u00e1me in\u00fd obdobn\u00fd vz\u0165ah vyhovuj\u00faci po\u017eiadavk\u00e1m d\u00f4vodu \u010d. 47 V\u0161eobecn\u00e9ho nariadenia o ochrane osobn\u00fdch \u00fadajov (angl. General Data Protection Regulation, \u010falej len \u201e<strong>nariadenie GDPR<\/strong>\u201c) a chcete od n\u00e1s dost\u00e1va\u0165 marketingov\u00e9 ponuky.<\/p><p>\u00a0<\/p><p><strong style=\"font-size: 16px;\">\u00a0 \u00a0 \u00a0 \u00a0 \u00a0B. Spracov\u00e1vanie \u00fadajov bez v\u00e1\u0161ho s\u00fahlasu.<\/strong><\/p><p>\u00a0<\/p><p>Bez v\u00e1\u0161ho s\u00fahlasu m\u00f4\u017eeme spracov\u00e1va\u0165 va\u0161e osobn\u00e9 \u00fadaje na z\u00e1klade nasleduj\u00facich pr\u00e1vnych titulov a na nasleduj\u00face \u00fa\u010dely:<\/p><p>\u00a0<\/p><p style=\"padding-left: 40px;\">a) Pr\u00e1vny titul: Plnenie zmluvy alebo vykonanie opatren\u00ed prijat\u00fdch pred uzatvoren\u00edm zmluvy vykonan\u00fdch na va\u0161u \u017eiados\u0165.<\/p><p>\u00a0<\/p><p><strong>\u00da\u010del:<\/strong><\/p><ul><li>realiz\u00e1cia zmluvn\u00e9ho z\u00e1v\u00e4zku vr\u00e1tane s\u00favisiacej obchodnej a finan\u010dnej komunik\u00e1cie<\/li><li>z\u00e1kazn\u00edcky program<p>\u00a0<\/p>b) Pr\u00e1vny titul: Ochrana pr\u00e1v a pr\u00e1vom chr\u00e1nen\u00fdch z\u00e1ujmov Prev\u00e1dzkovate\u013ea.<\/li><\/ul><p><strong>\u00da\u010del:<\/strong><\/p><ul><li>na vym\u00e1hanie dl\u017en\u00fdch \u010diastok za dodan\u00fd tovar alebo in\u00fdch poh\u013ead\u00e1vok Prev\u00e1dzkovate\u013ea<\/li><li>vo vybran\u00fdch pr\u00edpadoch na pos\u00fadenie va\u0161ej d\u00f4veryhodnosti<\/li><li>priamy marketing smerovan\u00fd v\u00fdhradne vo\u010di na\u0161\u00edm registrovan\u00fdm z\u00e1kazn\u00edkom a osob\u00e1m sp\u013a\u0148aj\u00facim po\u017eiadavky pod\u013ea d\u00f4vodu \u010d. 47 nariadenia GDPR spo\u010d\u00edvaj\u00face v ponuke produktov a slu\u017eieb poskytovan\u00fdch Prev\u00e1dzkovate\u013eom<p>c) Pr\u00e1vny titul: Plnenie pr\u00e1vnej povinnosti vypl\u00fdvaj\u00facej zo z\u00e1kona.<\/p><\/li><\/ul><p><strong>\u00da\u010del:<\/strong><\/p><ul><li>poskytovanie s\u00fa\u010dinnosti \u0161t\u00e1tnym org\u00e1nom na z\u00e1klade z\u00e1kona a v jeho medziach, vr\u00e1tane uchov\u00e1vania \u00fadajov na z\u00e1klade z\u00e1kona<\/li><li>vedenie \u00fa\u010dtovn\u00edctva<\/li><li>elektronick\u00e1 evidencia tr\u017eieb<\/li><\/ul><ol start=\"3\"><li><strong>Ak\u00e9 osobn\u00e9 \u00fadaje o v\u00e1s spracov\u00e1vame?<\/strong><\/li><\/ol><p>Spracov\u00e1vame nasleduj\u00face osobn\u00e9 \u00fadaje:<\/p><p>\u00a0<\/p><ul><li>va\u0161e identifika\u010dn\u00e9 a kontaktn\u00e9 \u00fadaje<\/li><li>\u00fadaje o produktoch, ktor\u00e9 si zak\u00fapili, pr\u00edp. o slu\u017eb\u00e1ch, ktor\u00e9 sme v\u00e1m poskytli<\/li><li>\u00fadaje z na\u0161ej vz\u00e1jomnej komunik\u00e1cie (\u010di u\u017e prebiehala osobne, p\u00edsomne, telefonicky alebo inak)<\/li><li>platobn\u00e9 \u00fadaje (napr. \u00fadaj o zaplatenej sume a pod.)<\/li><li>len vo vybran\u00fdch pr\u00edpadoch \u00fadaje o va\u0161ej d\u00f4veryhodnosti, na \u00fa\u010dely tzv. \u201cblacklistu\u201d<\/li><\/ul><ol start=\"4\"><li><strong>Z ak\u00fdch zdrojov tieto inform\u00e1cie poch\u00e1dzaj\u00fa?<\/strong><\/li><\/ol><p>Va\u0161e osobn\u00e9 \u00fadaje spracov\u00e1van\u00e9 Prev\u00e1dzkovate\u013eom na \u00fa\u010dely op\u00edsan\u00e9 v bode 2 tejto inform\u00e1cie poch\u00e1dzaj\u00fa v\u00fdhradne od v\u00e1s, teda \u00fadaje, ktor\u00e9 ste n\u00e1m poskytli napr. v s\u00favislosti s uzavret\u00edm zmluvy (n\u00e1kupom tovaru) alebo ste n\u00e1m ich ozn\u00e1mili na \u00fa\u010dely z\u00e1kazn\u00edckeho programu a registr\u00e1cie do neho.<\/p><p>\u00a0<\/p><ol start=\"5\"><li><strong>Kto je pr\u00edjemcom osobn\u00fdch \u00fadajov?<\/strong><\/li><\/ol><p>Va\u0161e osobn\u00e9 \u00fadaje odovzd\u00e1vame v od\u00f4vodnen\u00fdch pr\u00edpadoch a len v nevyhnutnom alebo uvedenom rozsahu t\u00fdmto kateg\u00f3ri\u00e1m pr\u00edjemcov:<\/p><p>\u00a0<\/p><ul><li>na\u0161\u00edm zmluvn\u00fdm partnerom, ktor\u00fdch potrebujeme na na\u0161e be\u017en\u00e9 fungovanie a realiz\u00e1ciu zmluvn\u00e9ho vz\u0165ahu s vami napr. dod\u00e1vate\u013eom informa\u010dn\u00fdch technol\u00f3gi\u00ed, poskytovate\u013eom kuri\u00e9rskych alebo po\u0161tov\u00fdch slu\u017eieb<\/li><li>in\u00fdm subjektom v pr\u00edpadoch, kedy n\u00e1m poskytnutie va\u0161ich \u00fadajov ukladaj\u00fa pr\u00e1vne predpisy, alebo ak je to potrebn\u00e9 na ochranu na\u0161ich opr\u00e1vnen\u00fdch z\u00e1ujmov (napr. s\u00fadom, pol\u00edcii SR at\u010f.)<\/li><li>ak n\u00e1m na to udel\u00ed\u0161 s\u00fahlas v rozsahu va\u0161ej e-mailovej adresy, pou\u017eitej v r\u00e1mci n\u00e1kupu na str\u00e1nkach n\u00e1\u0161ho internetov\u00e9ho obchodu, prev\u00e1dzkovate\u013eovi priameho marketingu alebo slu\u017eby sl\u00fa\u017eiacej generovanie a zasielanie dotazn\u00edkov spokojnosti s n\u00e1kupom. Tak\u00fd prev\u00e1dzkovate\u013e je vo\u010di na\u0161ej spolo\u010dnosti v postaven\u00ed sprostredkovate\u013ea osobn\u00fdch \u00fadajov. Odovzdan\u00edm tohto osobn\u00e9ho \u00fadaju v\u0161ak pre v\u00e1s zabezpe\u010dujeme v\u0161etky uveden\u00e9 pr\u00e1va.<\/li><\/ul><ol start=\"6\"><li><strong>Ak\u00e9 m\u00e1te pr\u00e1va pri spracovan\u00ed va\u0161ich osobn\u00fdch \u00fadajov?<\/strong><\/li><\/ol><p>Pokia\u013e ide o va\u0161e osobn\u00e9 \u00fadaje, m\u00e1te nasleduj\u00face pr\u00e1va:<\/p><p>\u00a0<\/p><ul><li>Pr\u00e1vo na pr\u00edstup \u2013 Prev\u00e1dzkovate\u013ea m\u00f4\u017ee\u0161 po\u017eiada\u0165 o pr\u00edstup k osobn\u00fdm \u00fadajom, ktor\u00e9 o v\u00e1s spracov\u00e1vame. Prev\u00e1dzkovate\u013e v\u00e1m poskytne aj k\u00f3piu sprac\u00favan\u00fdch osobn\u00fdch \u00fadajov.<\/li><li>Pr\u00e1vo na opravu \u2013 Prev\u00e1dzkovate\u013ea m\u00f4\u017eete po\u017eiada\u0165 o opravu nepresn\u00fdch alebo ne\u00fapln\u00fdch osobn\u00fdch \u00fadajov, ktor\u00e9 o v\u00e1s spracov\u00e1vame.<\/li><li>Pr\u00e1vo na v\u00fdmaz \u2013 Prev\u00e1dzkovate\u013ea m\u00f4\u017eete po\u017eiada\u0165, aby vymazal va\u0161e osobn\u00e9 \u00fadaje, ak d\u00f4jde k niektorej z nasleduj\u00facich situ\u00e1ci\u00ed:<\/li><\/ul><ol><li>osobn\u00e9 \u00fadaje u\u017e nie s\u00fa potrebn\u00e9 na \u00fa\u010dely, na ktor\u00e9 boli zhroma\u017eden\u00e9 alebo inak spracovan\u00e9<\/li><li>odvolali ste s\u00fahlas, na z\u00e1klade ktor\u00e9ho boli va\u0161e osobn\u00e9 \u00fadaje spracovan\u00e9 a neexistuje \u017eiadny \u010fal\u0161\u00ed pr\u00e1vny d\u00f4vod na ich spracovanie<\/li><li>vzniesli ste n\u00e1mietku proti tomu by\u0165 predmetom rozhodovania zalo\u017een\u00e9ho na automatizovanom spracovan\u00ed va\u0161ich osobn\u00fdch \u00fadajov a neexistuj\u00fa \u017eiadne preva\u017euj\u00face opr\u00e1vnen\u00e9 d\u00f4vody na ich tak\u00e9to spracovanie alebo ste vzniesli n\u00e1mietky proti spracovaniu va\u0161ich osobn\u00fdch \u00fadajov na \u00fa\u010dely priameho marketingu<\/li><li>va\u0161e osobn\u00e9 \u00fadaje boli spracovan\u00e9 nez\u00e1konne<\/li><li>va\u0161e osobn\u00e9 \u00fadaje sa musia vymaza\u0165 na splnenie pr\u00e1vnej povinnosti ustanovenej v pr\u00e1ve \u00danie alebo \u010dlensk\u00e9ho \u0161t\u00e1tu, ktor\u00e9 sa na Prev\u00e1dzkovate\u013ea vz\u0165ahuje<\/li><\/ol><ul><li>Pr\u00e1vo na obmedzenie spracovania \u2013 Prev\u00e1dzkovate\u013ea m\u00f4\u017eete po\u017eiada\u0165, aby obmedzil spracovanie va\u0161ich osobn\u00fdch \u00fadajov, ak d\u00f4jde k niektorej z nasleduj\u00facich situ\u00e1ci\u00ed:<\/li><\/ul><ol><li>popreli ste presnos\u0165 osobn\u00fdch \u00fadajov, a to na dobu potrebn\u00fa na to, aby Prev\u00e1dzkovate\u013e mohol presnos\u0165 osobn\u00fdch \u00fadajov overi\u0165<\/li><li>spracovanie va\u0161ich osobn\u00fdch \u00fadajov je protipr\u00e1vne, ale odmietate vymazanie t\u00fdchto \u00fadajov a namiesto toho \u017eiadate o obmedzenie ich pou\u017eitia<\/li><li>Prev\u00e1dzkovate\u013e u\u017e osobn\u00e9 \u00fadaje nepotrebuje na \u00fa\u010dely spracovania, ale vy ich po\u017eadujete na ur\u010denie, v\u00fdkon alebo obhajobu pr\u00e1vnych n\u00e1rokov<\/li><li>vzniesli ste n\u00e1mietku proti spracovaniu va\u0161ich osobn\u00fdch \u00fadajov pod\u013ea \u010dl. 21 ods. 1 nariadenia GDPR, k\u00fdm nebude overen\u00e9, \u010di opr\u00e1vnen\u00e9 d\u00f4vody Prev\u00e1dzkovate\u013ea preva\u017euj\u00fa nad va\u0161imi opr\u00e1vnen\u00fdmi d\u00f4vodmi<\/li><\/ol><ul><li>Pr\u00e1vo na prenosnos\u0165 \u00fadajov \u2013 v pr\u00edpadoch predpokladan\u00fdch nariaden\u00edm GPDR m\u00e1te pr\u00e1vo z\u00edska\u0165 osobn\u00e9 \u00fadaje, ktor\u00e9 sa v\u00e1s t\u00fdkaj\u00fa, a ktor\u00e9 ste poskytli Prev\u00e1dzkovate\u013eovi, v \u0161trukt\u00farovanom, be\u017ene pou\u017e\u00edvanom a strojovo \u010ditate\u013enom form\u00e1te s t\u00fdm, \u017ee t\u00fdmto pr\u00e1vom nesm\u00fa by\u0165 nepriaznivo dotknut\u00e9 pr\u00e1va a slobody in\u00fdch os\u00f4b.<\/li><li>Pr\u00e1vo na odvolanie s\u00fahlasu \u2013 ak je spracovanie va\u0161ich osobn\u00fdch \u00fadajov zalo\u017een\u00e9 na s\u00fahlase, m\u00e1te pr\u00e1vo v\u00e1\u0161 s\u00fahlas so spracovan\u00edm osobn\u00fdch \u00fadajov na \u00fa\u010del, na ktor\u00fd ste dali s\u00fahlas, kedyko\u013evek odvola\u0165.<\/li><li>M\u00f4\u017ete kedyko\u013evek namieta\u0165 proti spracovaniu va\u0161ich osobn\u00fdch \u00fadajov u Prev\u00e1dzkovate\u013ea na \u00fa\u010dely priameho marketingu vykon\u00e1van\u00e9ho na z\u00e1klade opr\u00e1vnen\u00e9ho z\u00e1ujmu Prev\u00e1dzkovate\u013ea.<\/li><li>Pr\u00e1vo poda\u0165 s\u0165a\u017enos\u0165 \u2013 m\u00e1te pr\u00e1vo poda\u0165 s\u0165a\u017enos\u0165 u dozorn\u00e9ho org\u00e1nu, ktor\u00fdm je \u00darad na ochranu osobn\u00fdch \u00fadajov, Hrani\u010dn\u00e1 4826\/12, 820 07 Ru\u017einov, Slovensko.<\/li><\/ul><ol start=\"7\"><li><strong>Je v\u00e1\u0161 s\u00fahlas so spracovan\u00edm osobn\u00fdch \u00fadajov dobrovo\u013en\u00fd alebo povinn\u00fd?<\/strong><\/li><\/ol><p>O udelenie v\u00e1\u0161ho s\u00fahlasu v\u00e1s po\u017eiadame, ak nie ste doteraz na\u0161\u00edm registrovan\u00fdm z\u00e1kazn\u00edkom, ani s vami nem\u00e1me in\u00fd obdobn\u00fd vz\u0165ah vyhovuj\u00faci po\u017eiadavk\u00e1m d\u00f4vodu \u010d. 47 nariadenia GDPR a chcete od n\u00e1s dost\u00e1va\u0165 marketingov\u00e9 ponuky. Udelenie tohto s\u00fahlasu je \u00faplne dobrovo\u013en\u00e9. Udelenie tohto s\u00fahlasu nie je podmienkou na z\u00edskanie \u017eiadneho tovaru alebo slu\u017eby pon\u00fakanej na\u0161ou spolo\u010dnos\u0165ou.<\/p><p>\u00a0<\/p><ol start=\"8\"><li><strong>Je mo\u017en\u00e9 udelen\u00fd s\u00fahlas so spracovan\u00edm osobn\u00fdch \u00fadajov odvola\u0165?<\/strong><\/li><\/ol><p>S\u00fahlas udelen\u00fd na marketingov\u00e9 \u00fa\u010dely m\u00f4\u017eete odvola\u0165 kedyko\u013evek.<\/p><p>\u00a0<\/p><ol start=\"9\"><li><strong>Ako m\u00f4\u017eete s\u00fahlas so spracovan\u00edm osobn\u00fdch \u00fadajov odvola\u0165?<\/strong><\/li><\/ol><p>V\u00e1\u0161 s\u00fahlas so spracovan\u00edm va\u0161ich osobn\u00fdch \u00fadajov m\u00f4\u017eete odvola\u0165 p\u00edsomn\u00fdm vyjadren\u00edm zaslan\u00fdm na adresu na\u0161ej spolo\u010dnosti alebo na e-mail: <a href=\"mailto:info@zeuseco.com\">info@zeuseco.com<\/a><\/p><p>\u00a0<\/p><ol start=\"10\"><li><strong>Ako sa m\u00f4\u017eete br\u00e1ni\u0165 proti priamemu marketingu vykon\u00e1van\u00e9mu bez v\u00e1\u0161ho s\u00fahlasu?<\/strong><\/li><\/ol><p>M\u00e1te pr\u00e1vo kedyko\u013evek bezplatne vznies\u0165 n\u00e1mietku proti tak\u00e9muto spracovaniu va\u0161ich osobn\u00fdch \u00fadajov na ktor\u00fdko\u013evek z na\u0161ich kontaktov uveden\u00fdch v bode 1.<\/p>\t\t\t\t\t<\/div>\n\t\t\t\t\t\t<\/div>\n\t\t\t\t<\/div>\n\t\t\t\t\t\t<\/div>\n\t\t\t\t\t<\/div>\n\t\t<\/div>\n\t\t\t\t\t\t\t\t<\/div>\n\t\t\t\t\t<\/div>\n\t\t<\/section>\n\t\t\t\t\t\t\t\t\t<\/div>\n\t\t\t<\/div>\n\t\t\t\t\t<\/div>\n\t\t","protected":false},"excerpt":{"rendered":"<p>Ochrana osobn\u00fdch \u00fadajov Dovo\u013eujeme si v\u00e1s stru\u010dne informova\u0165 o spracovan\u00ed va\u0161ich osobn\u00fdch \u00fadajov. T\u00e1to inform\u00e1cia sa net\u00fdka osobn\u00fdch \u00fadajov pr\u00e1vnick\u00fdch os\u00f4b, vr\u00e1tane n\u00e1zvu, pr\u00e1vnej formy a kontaktn\u00fdch \u00fadajov pr\u00e1vnickej osoby. \u00a0 Kto je prev\u00e1dzkovate\u013eom va\u0161ich osobn\u00fdch \u00fadajov? Prev\u00e1dzkovate\u013eom va\u0161ich osobn\u00fdch \u00fadajov je GREEN FOX s.r.o., J\u00e9g\u00e9ho 10, 821 08 Bratislava, Slovensko, I\u010cO: 54 046 351, &hellip;<\/p>\n<p class=\"read-more\"> <a class=\"\" href=\"https:\/\/zeuseco.com\/sk\/ochrana-sukromia\/\"> <span class=\"screen-reader-text\">Ochrana osobn\u00fdch \u00fadajov<\/span> \u010c\u00edtajte viac &raquo;<\/a><\/p>\n","protected":false},"author":1,"featured_media":0,"parent":0,"menu_order":0,"comment_status":"closed","ping_status":"open","template":"elementor_header_footer","meta":{"_mi_skip_tracking":false,"site-sidebar-layout":"no-sidebar","site-content-layout":"page-builder","ast-global-header-display":"","ast-main-header-display":"","ast-hfb-above-header-display":"","ast-hfb-below-header-display":"","ast-hfb-mobile-header-display":"","site-post-title":"disabled","ast-breadcrumbs-content":"","ast-featured-img":"","footer-sml-layout":"","theme-transparent-header-meta":"default","adv-header-id-meta":"","stick-header-meta":"","header-above-stick-meta":"","header-main-stick-meta":"","header-below-stick-meta":""},"_links":{"self":[{"href":"https:\/\/zeuseco.com\/sk\/wp-json\/wp\/v2\/pages\/3"}],"collection":[{"href":"https:\/\/zeuseco.com\/sk\/wp-json\/wp\/v2\/pages"}],"about":[{"href":"https:\/\/zeuseco.com\/sk\/wp-json\/wp\/v2\/types\/page"}],"author":[{"embeddable":true,"href":"https:\/\/zeuseco.com\/sk\/wp-json\/wp\/v2\/users\/1"}],"replies":[{"embeddable":true,"href":"https:\/\/zeuseco.com\/sk\/wp-json\/wp\/v2\/comments?post=3"}],"version-history":[{"count":6,"href":"https:\/\/zeuseco.com\/sk\/wp-json\/wp\/v2\/pages\/3\/revisions"}],"predecessor-version":[{"id":4969,"href":"https:\/\/zeuseco.com\/sk\/wp-json\/wp\/v2\/pages\/3\/revisions\/4969"}],"wp:attachment":[{"href":"https:\/\/zeuseco.com\/sk\/wp-json\/wp\/v2\/media?parent=3"}],"curies":[{"name":"wp","href":"https:\/\/api.w.org\/{rel}","templated":true}]}}