{"id":2888,"date":"2020-09-13T17:27:32","date_gmt":"2020-09-13T15:27:32","guid":{"rendered":"https:\/\/zeuseco.com\/?page_id=2888"},"modified":"2021-02-04T18:59:15","modified_gmt":"2021-02-04T17:59:15","slug":"cookies","status":"publish","type":"page","link":"https:\/\/zeuseco.com\/sk\/cookies\/","title":{"rendered":"Cookies"},"content":{"rendered":"\t\t<div data-elementor-type=\"wp-page\" data-elementor-id=\"2888\" class=\"elementor elementor-2888\">\n\t\t\t\t\t\t<div class=\"elementor-inner\">\n\t\t\t\t<div class=\"elementor-section-wrap\">\n\t\t\t\t\t\t\t\t\t<section class=\"elementor-section elementor-top-section elementor-element elementor-element-503e4e4 elementor-section-boxed elementor-section-height-default elementor-section-height-default\" data-id=\"503e4e4\" data-element_type=\"section\">\n\t\t\t\t\t\t<div class=\"elementor-container elementor-column-gap-default\">\n\t\t\t\t\t\t\t<div class=\"elementor-row\">\n\t\t\t\t\t<div class=\"elementor-column elementor-col-100 elementor-top-column elementor-element elementor-element-b4277c9\" data-id=\"b4277c9\" data-element_type=\"column\">\n\t\t\t<div class=\"elementor-column-wrap elementor-element-populated\">\n\t\t\t\t\t\t\t<div class=\"elementor-widget-wrap\">\n\t\t\t\t\t\t<div class=\"elementor-element elementor-element-2aadc59 elementor-widget elementor-widget-heading\" data-id=\"2aadc59\" data-element_type=\"widget\" data-widget_type=\"heading.default\">\n\t\t\t\t<div class=\"elementor-widget-container\">\n\t\t\t<h2 class=\"elementor-heading-title elementor-size-default\">Cookies<\/h2>\t\t<\/div>\n\t\t\t\t<\/div>\n\t\t\t\t\t\t<\/div>\n\t\t\t\t\t<\/div>\n\t\t<\/div>\n\t\t\t\t\t\t\t\t<\/div>\n\t\t\t\t\t<\/div>\n\t\t<\/section>\n\t\t\t\t<section class=\"elementor-section elementor-top-section elementor-element elementor-element-5d3f1f8 elementor-section-full_width elementor-section-content-middle elementor-section-height-default elementor-section-height-default\" data-id=\"5d3f1f8\" data-element_type=\"section\">\n\t\t\t\t\t\t<div class=\"elementor-container elementor-column-gap-no\">\n\t\t\t\t\t\t\t<div class=\"elementor-row\">\n\t\t\t\t\t<div class=\"elementor-column elementor-col-100 elementor-top-column elementor-element elementor-element-bb43df9\" data-id=\"bb43df9\" data-element_type=\"column\">\n\t\t\t<div class=\"elementor-column-wrap elementor-element-populated\">\n\t\t\t\t\t\t\t<div class=\"elementor-widget-wrap\">\n\t\t\t\t\t\t<div class=\"elementor-element elementor-element-9cb61cf elementor-widget elementor-widget-text-editor\" data-id=\"9cb61cf\" data-element_type=\"widget\" data-widget_type=\"text-editor.default\">\n\t\t\t\t<div class=\"elementor-widget-container\">\n\t\t\t\t\t\t\t\t<div class=\"elementor-text-editor elementor-clearfix\">\n\t\t\t\t<div class=\"PageHeader\"><div class=\"Container\"><h5 class=\"Alfa PageHeader-title\"><strong><span style=\"font-size: 20px;\">Z\u00e1sady pou\u017e\u00edvania cookies<\/span><\/strong><\/h5><p>\u00a0<\/p><p>Cookie je kr\u00e1tky textov\u00fd s\u00fabor, ktor\u00fd nav\u0161t\u00edven\u00e1 webov\u00e1 str\u00e1nka odo\u0161le do prehliada\u010da. Umo\u017e\u0148uje webu zaznamena\u0165 inform\u00e1cie o va\u0161ej n\u00e1v\u0161teve, napr\u00edklad preferovan\u00fd jazyk a \u010fal\u0161ie nastavenia. Bud\u00faca n\u00e1v\u0161teva str\u00e1nok tak m\u00f4\u017ee by\u0165 jednoduch\u0161ia a produkt\u00edvnej\u0161ia. S\u00fabory cookie s\u00fa d\u00f4le\u017eit\u00e9. Bez nich by prehliadanie webu bolo ove\u013ea zlo\u017eitej\u0161ie.<\/p><p>\u00a0<\/p><p>S\u00fabory cookie sl\u00fa\u017eia na cel\u00fd rad \u00fa\u010delov. Pou\u017e\u00edvame ich napr\u00edklad na ukladanie va\u0161ich nastaven\u00ed bezpe\u010dn\u00e9ho vyh\u013ead\u00e1vania, k\u00a0v\u00fdberu relevantn\u00fdch rekl\u00e1m, na sledovanie po\u010dtu n\u00e1v\u0161tevn\u00edkov na str\u00e1nke, na u\u013eah\u010denie registr\u00e1cie nov\u00fdch slu\u017eieb a\u00a0k ochrane va\u0161ich d\u00e1t.<\/p><p>\u00a0<\/p><\/div><\/div><div class=\"Section Section--appended\"><div class=\"Container\" data-modal-content=\"\"><div class=\"article-Detail Text\"><p>Typy s\u00faborov cookie:<\/p><p>\u00a0<\/p><ul><li><strong>Nastavenia<\/strong>\u00a0&#8211; Tieto s\u00fabory cookie umo\u017e\u0148uj\u00fa na\u0161im webom zapam\u00e4ta\u0165 si inform\u00e1cie, ktor\u00e9 maj\u00fa vplyv na vzh\u013ead alebo spr\u00e1vanie webu. Ide napr. o\u00a0preferovan\u00fd jazyk alebo oblas\u0165, v\u00a0ktorej sa nach\u00e1dzate. Na z\u00e1klade inform\u00e1ci\u00ed o\u00a0oblasti dok\u00e1\u017ee web pon\u00faknu\u0165 potrebn\u00fa miestnu predpove\u010f po\u010dasia alebo spr\u00e1vy o\u00a0dopravnej situ\u00e1cii. Tieto s\u00fabory cookie v\u00e1m pom\u00e1haj\u00fa tie\u017e zmeni\u0165 ve\u013ekos\u0165 textu, p\u00edsmo a\u00a0\u010fal\u0161ie prvky webov\u00fdch str\u00e1nok, ktor\u00e9 mo\u017eno personalizova\u0165.<\/li><\/ul><\/div><\/div><div class=\"Container\" data-modal-content=\"\"><div class=\"article-Detail Text\"><ul><li><strong>Zabezpe\u010denie<\/strong>\u00a0&#8211; S\u00fabory cookie zabezpe\u010denie sa pou\u017e\u00edvaj\u00fa na overovanie pou\u017e\u00edvate\u013eov, k\u00a0prevencii podvodn\u00e9ho vyu\u017eitia prihlasovac\u00edch poveren\u00ed a\u00a0k ochrane u\u017e\u00edvate\u013esk\u00fdch d\u00e1t pred pr\u00edstupom neautorizovan\u00fdch str\u00e1n.<\/li><\/ul><\/div><\/div><div class=\"Container\" data-modal-content=\"\"><div class=\"article-Detail Text\"><ul><li><strong>Procesy<\/strong>\u00a0&#8211; S\u00fabory cookie procesov umo\u017e\u0148uj\u00fa webom poskytova\u0165 slu\u017eby, ktor\u00e9 n\u00e1v\u0161tevn\u00edci o\u010dak\u00e1vaj\u00fa, napr\u00edklad navig\u00e1ciu na webov\u00fdch str\u00e1nkach alebo pr\u00edstup k\u00a0zabezpe\u010den\u00fdm oblastiam webu. Bez t\u00fdchto s\u00faborov cookie web nebude fungova\u0165 spr\u00e1vne. Pou\u017e\u00edva sa napr\u00edklad s\u00fabor cookie s\u00a0ozna\u010den\u00edm lbcs ktor\u00fd umo\u017e\u0148uje dokumentom Google otvori\u0165 nieko\u013eko dokumentov v\u00a0jednom prehliada\u010di. Ak tento s\u00fabor cookie zablokujete, dokumenty Google nebud\u00fa fungova\u0165 spr\u00e1vne.<\/li><\/ul><\/div><\/div><div class=\"Container\" data-modal-content=\"\"><div class=\"article-Detail Text\"><ul><li><strong>Reklama<\/strong>\u00a0&#8211; S\u00fabory cookie sa pou\u017e\u00edvaj\u00fa aj k\u00a0tomu, aby sme zv\u00fd\u0161ili pr\u00ed\u0165a\u017elivos\u0165 rekl\u00e1m pre u\u017e\u00edvate\u013eov a\u00a0majite\u013eom str\u00e1nok a\u00a0inzerentom pon\u00fakli lep\u0161ie podmienky pre inzerciu. S\u00fabory cookie sa be\u017ene pou\u017e\u00edvaj\u00fa na v\u00fdber rekl\u00e1m pod\u013ea toho, \u010do je pre u\u017e\u00edvate\u013eov relevantn\u00e9, k\u00a0zlep\u0161ovaniu preh\u013eadov v\u00fdkonu kampan\u00ed a\u00a0na to, aby sa u\u017e\u00edvate\u013eovi nezobrazovali reklamy, ktor\u00e9 u\u017e videl.<\/li><\/ul><\/div><\/div><div class=\"Container\" data-modal-content=\"\"><div class=\"article-Detail Text\"><ul><li><strong>Stav rel\u00e1cie<\/strong>\u00a0&#8211; Weby \u010dasto zhroma\u017e\u010fuj\u00fa \u00fadaje o\u00a0spr\u00e1van\u00ed n\u00e1v\u0161tevn\u00edkov. M\u00f4\u017ee \u00eds\u0165 napr\u00edklad o\u00a0inform\u00e1cie o\u00a0tom, ak\u00e9 str\u00e1nky u\u017e\u00edvatelia nav\u0161tevuj\u00fa naj\u010dastej\u0161ie alebo \u010di sa im na niektor\u00fdch str\u00e1nkach nezobrazuj\u00fa chyby. Tieto tzv. &#8222;s\u00fabory cookie stavu rel\u00e1cie&#8220; pom\u00e1haj\u00fa zlep\u0161ova\u0165 slu\u017eby a\u00a0u\u017e\u00edvate\u013esk\u00e9 prostredie na webe. Ak tieto s\u00fabory cookie zablokujete alebo zma\u017eete, funkcie webov\u00fdch str\u00e1nok to nijako neovplyvn\u00ed.<\/li><\/ul><p>\u00a0<\/p><h5><strong>Spr\u00e1va s\u00faborov cookies v prehliada\u010di<\/strong><\/h5><p>\u00a0<\/p><p>Niektor\u00ed \u013eudia si ukladanie s\u00faborov cookie nepraj\u00fa. To je d\u00f4vod, pre\u010do najnov\u0161ie prehliada\u010de umo\u017e\u0148uj\u00fa spravova\u0165 s\u00fabory cookie pod\u013ea \u013eubov\u00f4le.<\/p><p>\u00a0<\/p><\/div><div class=\"article-Detail Text\"><p>V niektor\u00fdch prehliada\u010doch m\u00f4\u017eete nastavi\u0165 pravidl\u00e1 pre s\u00fabory cookie jednotliv\u00fdch webov, \u010do v\u00e1m poskytuje lep\u0161iu kontrolu nad svoj\u00edm s\u00fakrom\u00edm. M\u00f4\u017eete zak\u00e1za\u0165 ukladanie s\u00faborov cookie zo v\u0161etk\u00fdch webov okrem str\u00e1nok, ktor\u00fdm d\u00f4verujete.<\/p><p>\u00a0<\/p><p>V ponuke N\u00e1stroje prehliada\u010da Google Chrome n\u00e1jdete polo\u017eku Vymaza\u0165 \u00fadaje prehliadania. Umo\u017en\u00ed v\u00e1m vymaza\u0165 s\u00fabory cookie a\u00a0\u010fal\u0161ie \u00fadaje webov\u00fdch str\u00e1nok a\u00a0doplnkov, vr\u00e1tane d\u00e1t ulo\u017een\u00fdch do zariadenia prehr\u00e1va\u010dom Adobe Flash Player (s\u00fabory cookie prehr\u00e1va\u010da Flash).<\/p><\/div><\/div><\/div>\t\t\t\t\t<\/div>\n\t\t\t\t\t\t<\/div>\n\t\t\t\t<\/div>\n\t\t\t\t\t\t<\/div>\n\t\t\t\t\t<\/div>\n\t\t<\/div>\n\t\t\t\t\t\t\t\t<\/div>\n\t\t\t\t\t<\/div>\n\t\t<\/section>\n\t\t\t\t\t\t\t\t\t<\/div>\n\t\t\t<\/div>\n\t\t\t\t\t<\/div>\n\t\t","protected":false},"excerpt":{"rendered":"<p>Cookies Z\u00e1sady pou\u017e\u00edvania cookies Cookie je kr\u00e1tky textov\u00fd s\u00fabor, ktor\u00fd nav\u0161t\u00edven\u00e1 webov\u00e1 str\u00e1nka odo\u0161le do prehliada\u010da. Umo\u017e\u0148uje webu zaznamena\u0165 inform\u00e1cie o va\u0161ej n\u00e1v\u0161teve, napr\u00edklad preferovan\u00fd jazyk a \u010fal\u0161ie nastavenia. Bud\u00faca n\u00e1v\u0161teva str\u00e1nok tak m\u00f4\u017ee by\u0165 jednoduch\u0161ia a produkt\u00edvnej\u0161ia. S\u00fabory cookie s\u00fa d\u00f4le\u017eit\u00e9. Bez nich by prehliadanie webu bolo ove\u013ea zlo\u017eitej\u0161ie. S\u00fabory cookie sl\u00fa\u017eia na cel\u00fd &hellip;<\/p>\n<p class=\"read-more\"> <a class=\"\" href=\"https:\/\/zeuseco.com\/sk\/cookies\/\"> <span class=\"screen-reader-text\">Cookies<\/span> \u010c\u00edtajte viac &raquo;<\/a><\/p>\n","protected":false},"author":1,"featured_media":0,"parent":0,"menu_order":0,"comment_status":"closed","ping_status":"closed","template":"elementor_header_footer","meta":{"_mi_skip_tracking":false,"site-sidebar-layout":"no-sidebar","site-content-layout":"page-builder","ast-global-header-display":"","ast-main-header-display":"","ast-hfb-above-header-display":"","ast-hfb-below-header-display":"","ast-hfb-mobile-header-display":"","site-post-title":"disabled","ast-breadcrumbs-content":"","ast-featured-img":"disabled","footer-sml-layout":"","theme-transparent-header-meta":"default","adv-header-id-meta":"","stick-header-meta":"","header-above-stick-meta":"","header-main-stick-meta":"","header-below-stick-meta":""},"_links":{"self":[{"href":"https:\/\/zeuseco.com\/sk\/wp-json\/wp\/v2\/pages\/2888"}],"collection":[{"href":"https:\/\/zeuseco.com\/sk\/wp-json\/wp\/v2\/pages"}],"about":[{"href":"https:\/\/zeuseco.com\/sk\/wp-json\/wp\/v2\/types\/page"}],"author":[{"embeddable":true,"href":"https:\/\/zeuseco.com\/sk\/wp-json\/wp\/v2\/users\/1"}],"replies":[{"embeddable":true,"href":"https:\/\/zeuseco.com\/sk\/wp-json\/wp\/v2\/comments?post=2888"}],"version-history":[{"count":6,"href":"https:\/\/zeuseco.com\/sk\/wp-json\/wp\/v2\/pages\/2888\/revisions"}],"predecessor-version":[{"id":4659,"href":"https:\/\/zeuseco.com\/sk\/wp-json\/wp\/v2\/pages\/2888\/revisions\/4659"}],"wp:attachment":[{"href":"https:\/\/zeuseco.com\/sk\/wp-json\/wp\/v2\/media?parent=2888"}],"curies":[{"name":"wp","href":"https:\/\/api.w.org\/{rel}","templated":true}]}}